{"id":2,"date":"2022-07-30T13:22:31","date_gmt":"2022-07-30T13:22:31","guid":{"rendered":"http:\/\/remember-musik.ch\/?page_id=2"},"modified":"2022-09-19T23:13:56","modified_gmt":"2022-09-19T21:13:56","slug":"sample-page","status":"publish","type":"page","link":"http:\/\/remember-musik.ch\/","title":{"rendered":""},"content":{"rendered":"<p>[vc_row full_width=&#8220;stretch_row_content_no_spaces&#8220;][vc_column][vc_column_text]<\/p>\n<p style=\"text-align: center;\"><a href=\"http:\/\/remember-musik.ch\/wp-content\/uploads\/2022\/08\/Flyer2.pdf\" target=\"_blank\" rel=\"noopener\"><img loading=\"lazy\" decoding=\"async\" class=\"alignnone size-medium wp-image-131\" src=\"http:\/\/remember-musik.ch\/wp-content\/uploads\/2022\/08\/Flyer2-212x300.jpg\" alt=\"\" width=\"212\" height=\"300\" srcset=\"http:\/\/remember-musik.ch\/wp-content\/uploads\/2022\/08\/Flyer2-212x300.jpg 212w, http:\/\/remember-musik.ch\/wp-content\/uploads\/2022\/08\/Flyer2.jpg 595w\" sizes=\"auto, (max-width: 212px) 100vw, 212px\" \/><\/a><\/p>\n<p style=\"text-align: center;\"><a href=\"http:\/\/remember-musik.ch\/wp-content\/uploads\/2022\/08\/Flyer2.pdf\">Flyer-Download<\/a><\/p>\n<p>[\/vc_column_text][\/vc_column][\/vc_row][vc_row][vc_column][vc_separator][\/vc_column][\/vc_row][vc_row][vc_column][vc_column_text]<\/p>\n<h2 style=\"text-align: center;\">Vom Anfang bis heute<\/h2>\n<p><img loading=\"lazy\" decoding=\"async\" class=\"alignnone size-medium wp-image-53 aligncenter\" src=\"http:\/\/remember-musik.ch\/wp-content\/uploads\/2022\/07\/Schoefplisnobs1977-300x186.jpg\" alt=\"\" width=\"300\" height=\"186\" srcset=\"http:\/\/remember-musik.ch\/wp-content\/uploads\/2022\/07\/Schoefplisnobs1977-300x186.jpg 300w, http:\/\/remember-musik.ch\/wp-content\/uploads\/2022\/07\/Schoefplisnobs1977-768x477.jpg 768w, http:\/\/remember-musik.ch\/wp-content\/uploads\/2022\/07\/Schoefplisnobs1977.jpg 888w\" sizes=\"auto, (max-width: 300px) 100vw, 300px\" \/><\/p>\n<h2 style=\"text-align: center;\">1977<\/h2>\n<p style=\"text-align: center;\">(vlnr)<\/p>\n<p style=\"text-align: center;\">Res Soltermann (Bl\u00e4ser), Anna Kohler-\u00c4schlimann (Gitarre), Hansueli L\u00fcthi (Bl\u00e4ser, Gesang)<br \/>\nFritz Amacher (Schlagzeug, Gesang), Andreas W\u00e4lti (Keyboard) und Franz L\u00fcthi (Bass, Gesang)<br \/>\nDie Formation war mit verschiedenen Stilrichtungen unterwegs: Schlager, Instrumental, Rock n Roll, Dixie Land, Oberkrainer usw.<\/p>\n<p>[\/vc_column_text][\/vc_column][\/vc_row][vc_row][vc_column][vc_separator][\/vc_column][\/vc_row][vc_row][vc_column][vc_column_text]<img loading=\"lazy\" decoding=\"async\" class=\"alignnone size-medium wp-image-55 aligncenter\" src=\"http:\/\/remember-musik.ch\/wp-content\/uploads\/2022\/07\/Heistrich1-300x252.jpg\" alt=\"\" width=\"300\" height=\"252\" srcset=\"http:\/\/remember-musik.ch\/wp-content\/uploads\/2022\/07\/Heistrich1-300x252.jpg 300w, http:\/\/remember-musik.ch\/wp-content\/uploads\/2022\/07\/Heistrich1-768x646.jpg 768w, http:\/\/remember-musik.ch\/wp-content\/uploads\/2022\/07\/Heistrich1.jpg 972w\" sizes=\"auto, (max-width: 300px) 100vw, 300px\" \/><\/p>\n<h2 style=\"text-align: center;\">1981<\/h2>\n<h4 style=\"text-align: center;\">Namens\u00e4nderung zu<br \/>\nHarmonic-Team<\/h4>\n<p style=\"text-align: center;\">Neu mit Kurt Mader (Keyboard) und Franz Frey (Gitarre)<\/p>\n<p style=\"text-align: center;\">Der Einfluss von Gitarre und Keyboard wird gr\u00f6sser<br \/>\nIm Repertoire finden sich neu auch Songs von<br \/>\nCCR, Polo Hofer, Blues Brothers usw.<\/p>\n<p>[\/vc_column_text][\/vc_column][\/vc_row][vc_row][vc_column][vc_separator][\/vc_column][\/vc_row][vc_row][vc_column][vc_column_text]<img loading=\"lazy\" decoding=\"async\" class=\"alignnone size-medium wp-image-51 aligncenter\" src=\"http:\/\/remember-musik.ch\/wp-content\/uploads\/2022\/07\/Harmonicteam1-300x199.jpg\" alt=\"\" width=\"300\" height=\"199\" srcset=\"http:\/\/remember-musik.ch\/wp-content\/uploads\/2022\/07\/Harmonicteam1-300x199.jpg 300w, http:\/\/remember-musik.ch\/wp-content\/uploads\/2022\/07\/Harmonicteam1-768x510.jpg 768w, http:\/\/remember-musik.ch\/wp-content\/uploads\/2022\/07\/Harmonicteam1.jpg 1021w\" sizes=\"auto, (max-width: 300px) 100vw, 300px\" \/><\/p>\n<h2 style=\"text-align: center;\">1985<\/h2>\n<p style=\"text-align: center;\">Die Band ist zu f\u00fcnft unterwegs<br \/>\nNeu mit Robert Stamm (Gitarre)<\/p>\n<h2 style=\"text-align: center;\">1988<\/h2>\n<p style=\"text-align: center;\">Das Harmonic-Team wird aufgel\u00f6st<\/p>\n<p>[\/vc_column_text][\/vc_column][\/vc_row][vc_row][vc_column][vc_separator][\/vc_column][\/vc_row][vc_row][vc_column][vc_column_text]<\/p>\n<h4 style=\"text-align: center;\">***<\/h4>\n<h4 style=\"text-align: center;\">Wir erinnern uns an unsere verstorbenen Bandmitglieder<br \/>\nFranz Frey, Robert Stamm und Hansueli L\u00fcthi.<br \/>\nSie w\u00e4ren sicher auch mit Begeisterung beim Revival dabei gewesen.<\/h4>\n<p style=\"text-align: center;\">****<\/p>\n<p>[\/vc_column_text][\/vc_column][\/vc_row][vc_row][vc_column][vc_separator][\/vc_column][\/vc_row][vc_row][vc_column][vc_column_text]<\/p>\n<h2 style=\"text-align: center;\">Revivel Band 2022<\/h2>\n<p><img loading=\"lazy\" decoding=\"async\" class=\"alignnone size-medium wp-image-112 aligncenter\" src=\"http:\/\/remember-musik.ch\/wp-content\/uploads\/2022\/08\/Harmonicteam2022-300x247.jpg\" alt=\"\" width=\"300\" height=\"247\" srcset=\"http:\/\/remember-musik.ch\/wp-content\/uploads\/2022\/08\/Harmonicteam2022-300x247.jpg 300w, http:\/\/remember-musik.ch\/wp-content\/uploads\/2022\/08\/Harmonicteam2022-1024x843.jpg 1024w, http:\/\/remember-musik.ch\/wp-content\/uploads\/2022\/08\/Harmonicteam2022-768x632.jpg 768w, http:\/\/remember-musik.ch\/wp-content\/uploads\/2022\/08\/Harmonicteam2022-1536x1264.jpg 1536w, http:\/\/remember-musik.ch\/wp-content\/uploads\/2022\/08\/Harmonicteam2022-2048x1686.jpg 2048w\" sizes=\"auto, (max-width: 300px) 100vw, 300px\" \/>[\/vc_column_text][\/vc_column][\/vc_row][vc_row][vc_column][vc_separator][\/vc_column][\/vc_row][vc_row][vc_column][vc_column_text]<\/p>\n<h2 style=\"text-align: center;\">Fritz Amacher<\/h2>\n<p style=\"text-align: center;\">Schlagzeug, Gesang und Gr\u00fcndungsmitglied<br \/>\nSpielt heute Kontrabass beim Schwyzer\u00f6rgeli Trio<\/p>\n<h4 style=\"text-align: center;\">Wildigruess<\/h4>\n<p style=\"text-align: center;\"><a href=\"http:\/\/www.wildigruess.ch\" target=\"_blank\" rel=\"noopener\">www.wildigruess.ch<\/a><\/p>\n<p>[\/vc_column_text][\/vc_column][\/vc_row][vc_row][vc_column][vc_separator][\/vc_column][\/vc_row][vc_row][vc_column][vc_column_text]<\/p>\n<h2 style=\"text-align: center;\">Res Soltermann<\/h2>\n<p style=\"text-align: center;\">Bl\u00e4ser, Gitarre, Gesang und Gr\u00fcndungsmitglied<br \/>\nHeute mit den Soltiboys und als Bl\u00e4ser unterwegs<\/p>\n<h2 style=\"text-align: center;\">Kurt Mader<\/h2>\n<p style=\"text-align: center;\">Keyboard und Gesang<br \/>\nMusiziert mit Res zusammen bei den Soltiboys<\/p>\n<h4 style=\"text-align: center;\">The Soltiboys<\/h4>\n<p style=\"text-align: center;\"><a href=\"http:\/\/www.soltiboys.ch\" target=\"_blank\" rel=\"noopener\">www.soltiboys.ch<\/a><\/p>\n<p>[\/vc_column_text][\/vc_column][\/vc_row][vc_row][vc_column][vc_separator][\/vc_column][\/vc_row][vc_row][vc_column][vc_column_text]<\/p>\n<h2 style=\"text-align: center;\">Franz L\u00fcthi<\/h2>\n<p style=\"text-align: center;\">Bass, Gesang und Gr\u00fcndungsmitglied<br \/>\nSpielt bei der B\u00e4rnstei-Band und mit Alphornformationen<\/p>\n<p style=\"text-align: center;\"><a href=\"http:\/\/www.baernsteiband.ch\" target=\"_blank\" rel=\"noopener\">www.baernsteiband.ch<\/a><\/p>\n<p>[\/vc_column_text][\/vc_column][\/vc_row][vc_row][vc_column][vc_separator][\/vc_column][\/vc_row][vc_row][vc_column][vc_column_text]<\/p>\n<h2 style=\"text-align: center;\">Simon Amacher<\/h2>\n<p style=\"text-align: center;\">Gitarre, Gesang<\/p>\n<p style=\"text-align: center;\">Weil die Gitarristen Robert Stamm und Franz Frey nicht mehr unter uns sind,<br \/>\nhat Simon zugesagt, den Gitarren-Part zu \u00fcbernehmen.<br \/>\nSimon ist der Sohn von Schlagzeuger Fritz und spielt bei:<br \/>\nThe Rythm Travellers und SGAM-Band<\/p>\n<p style=\"text-align: center;\"><a href=\"http:\/\/www.therhythmtravellers.ch\" target=\"_blank\" rel=\"noopener\">www.therhythmtravellers.ch<\/a><\/p>\n<p style=\"text-align: center;\"><a href=\"http:\/\/www.sgam-band.ch\" target=\"_blank\" rel=\"noopener\">www.sgam-band.ch<\/a><\/p>\n<p>[\/vc_column_text][\/vc_column][\/vc_row]<\/p>\n","protected":false},"excerpt":{"rendered":"<p>[vc_row full_width=&#8220;stretch_row_content_no_spaces&#8220;][vc_column][vc_column_text] Flyer-Download [\/vc_column_text][\/vc_column][\/vc_row][vc_row][vc_column][vc_separator][\/vc_column][\/vc_row][vc_row][vc_column][vc_column_text] Vom Anfang bis heute 1977 (vlnr) Res Soltermann (Bl\u00e4ser), Anna Kohler-\u00c4schlimann (Gitarre), Hansueli L\u00fcthi (Bl\u00e4ser, Gesang) Fritz Amacher (Schlagzeug, Gesang), Andreas W\u00e4lti (Keyboard) und Franz L\u00fcthi (Bass, Gesang) Die Formation war mit verschiedenen Stilrichtungen unterwegs: Schlager, Instrumental, Rock n Roll, Dixie Land, Oberkrainer usw. [\/vc_column_text][\/vc_column][\/vc_row][vc_row][vc_column][vc_separator][\/vc_column][\/vc_row][vc_row][vc_column][vc_column_text] 1981 Namens\u00e4nderung zu Harmonic-Team Neu mit &#8230; <a title=\"\" class=\"read-more\" href=\"http:\/\/remember-musik.ch\/\" aria-label=\"Mehr dazu unter \">Weiterlesen<\/a><\/p>\n","protected":false},"author":1,"featured_media":0,"parent":0,"menu_order":0,"comment_status":"closed","ping_status":"open","template":"","meta":{"footnotes":""},"class_list":["post-2","page","type-page","status-publish"],"_links":{"self":[{"href":"http:\/\/remember-musik.ch\/index.php?rest_route=\/wp\/v2\/pages\/2","targetHints":{"allow":["GET"]}}],"collection":[{"href":"http:\/\/remember-musik.ch\/index.php?rest_route=\/wp\/v2\/pages"}],"about":[{"href":"http:\/\/remember-musik.ch\/index.php?rest_route=\/wp\/v2\/types\/page"}],"author":[{"embeddable":true,"href":"http:\/\/remember-musik.ch\/index.php?rest_route=\/wp\/v2\/users\/1"}],"replies":[{"embeddable":true,"href":"http:\/\/remember-musik.ch\/index.php?rest_route=%2Fwp%2Fv2%2Fcomments&post=2"}],"version-history":[{"count":75,"href":"http:\/\/remember-musik.ch\/index.php?rest_route=\/wp\/v2\/pages\/2\/revisions"}],"predecessor-version":[{"id":137,"href":"http:\/\/remember-musik.ch\/index.php?rest_route=\/wp\/v2\/pages\/2\/revisions\/137"}],"wp:attachment":[{"href":"http:\/\/remember-musik.ch\/index.php?rest_route=%2Fwp%2Fv2%2Fmedia&parent=2"}],"curies":[{"name":"wp","href":"https:\/\/api.w.org\/{rel}","templated":true}]}}